{"id":1360,"date":"2014-11-11T11:14:05","date_gmt":"2014-11-11T16:14:05","guid":{"rendered":"https:\/\/reno-projet-plus.com\/?page_id=1360"},"modified":"2024-01-08T12:54:38","modified_gmt":"2024-01-08T17:54:38","slug":"a-propos","status":"publish","type":"page","link":"https:\/\/reno-projet-plus.com\/fr\/a-propos\/","title":{"rendered":"A Propos"},"content":{"rendered":"<div class=\"wpb-content-wrapper\"><p>[vc_row][vc_column width=&#8221;1\/2&#8243;][vc_single_image image=&#8221;1416&#8243; img_size=&#8221;full&#8221; alignment=&#8221;center&#8221;][\/vc_column][vc_column width=&#8221;1\/2&#8243;]<h5 class='heading-content  divider-lg' ><span>R\u00e9novation Projet Plus est une entreprise de r\u00e9novation et de construction bas\u00e9e \u00e0 Montr\u00e9al qui poss\u00e8de des connaissances approfondies dans les domaines de la r\u00e9novation r\u00e9sidentielle, de la construction de maisons neuves et de condominiums.<\/span><\/h5>[vc_column_text]<\/p>\n<p style=\"font-weight: 400;\">Nous pouvons vous aider \u00e0 chaque \u00e9tape de votre projet de r\u00e9novation. Nous nous occupons de tous les types de r\u00e9novations r\u00e9sidentielles, qu&#8217;il s&#8217;agisse de peindre une seule pi\u00e8ce, d&#8217;installer un nouveau rev\u00eatement de sol ou de restaurer l&#8217;ancien, de r\u00e9nover une cuisine, une salle de bain ou une maison enti\u00e8re, un bureau ou une entreprise. Nous mettons l&#8217;accent sur les d\u00e9tails et la qualit\u00e9 du travail.<\/p>\n<p style=\"font-weight: 400;\">Le pr\u00e9sident de R\u00e9novation Projet Plus, Domenic Vaccaro, poss\u00e8de une vaste exp\u00e9rience non seulement dans la construction r\u00e9sidentielle, mais aussi dans la construction commerciale.<\/p>\n<p style=\"font-weight: 400;\">R\u00e9novation Projet Plus a r\u00e9alis\u00e9 un nouveau projet de 120 unit\u00e9s de condo avec Habitation M\u00e9trocit\u00e9 et a travaill\u00e9 \u00e0 la reconstruction de Laura Secord Inc. et de Teavana Canada.<\/p>\n<p style=\"font-weight: 400;\">Nous mettons l&#8217;accent sur les d\u00e9tails et la qualit\u00e9 de l&#8217;ex\u00e9cution. Nous travaillons fort pour m\u00e9riter votre confiance.<\/p>\n<p>[\/vc_column_text][\/vc_column][\/vc_row][vc_row full_width=&#8221;stretch_row&#8221; content_placement=&#8221;middle&#8221; css=&#8221;.vc_custom_1704736475791{margin-top: 50px !important;padding-top: 50px !important;padding-bottom: 50px !important;background-image: url(https:\/\/reno-projet-plus.com\/app\/uploads\/2023\/12\/cta.jpg?id=1178) !important;}&#8221; has_content=&#8221;true&#8221; el_id=&#8221;cta-overlay-row&#8221;][vc_column width=&#8221;2\/3&#8243; el_class=&#8221;text-container&#8221;][vc_column_text]<\/p>\n<h3><span style=\"color: #ffffff;\">NOUS METTONS L&#8217;ACCENT SUR LES D\u00c9TAILS ET LA QUALIT\u00c9 DU TRAVAIL<\/span><\/h3>\n<p>[\/vc_column_text][\/vc_column][vc_column width=&#8221;1\/3&#8243; el_class=&#8221;button-container&#8221;][vc_btn title=&#8221;Obtenir un devis&#8221; color=&#8221;black&#8221; size=&#8221;lg&#8221; align=&#8221;right&#8221; link=&#8221;url:%2Ffr%2Fobtenir-un-devis%2F&#8221;][\/vc_column][\/vc_row]<\/p>\n<\/div>","protected":false},"excerpt":{"rendered":"<p>[vc_row][vc_column width=&#8221;1\/2&#8243;][vc_single_image image=&#8221;1416&#8243; img_size=&#8221;full&#8221; alignment=&#8221;center&#8221;][\/vc_column][vc_column width=&#8221;1\/2&#8243;][vc_column_text] Nous pouvons vous aider \u00e0 chaque \u00e9tape de votre projet de r\u00e9novation. Nous nous occupons de tous les types de r\u00e9novations r\u00e9sidentielles, qu&#8217;il s&#8217;agisse de peindre une seule pi\u00e8ce, d&#8217;installer un nouveau rev\u00eatement de&#8230;<\/p>\n","protected":false},"author":1,"featured_media":0,"parent":0,"menu_order":0,"comment_status":"open","ping_status":"open","template":"","meta":{"footnotes":""},"class_list":["post-1360","page","type-page","status-publish","hentry"],"_links":{"self":[{"href":"https:\/\/reno-projet-plus.com\/fr\/wp-json\/wp\/v2\/pages\/1360","targetHints":{"allow":["GET"]}}],"collection":[{"href":"https:\/\/reno-projet-plus.com\/fr\/wp-json\/wp\/v2\/pages"}],"about":[{"href":"https:\/\/reno-projet-plus.com\/fr\/wp-json\/wp\/v2\/types\/page"}],"author":[{"embeddable":true,"href":"https:\/\/reno-projet-plus.com\/fr\/wp-json\/wp\/v2\/users\/1"}],"replies":[{"embeddable":true,"href":"https:\/\/reno-projet-plus.com\/fr\/wp-json\/wp\/v2\/comments?post=1360"}],"version-history":[{"count":6,"href":"https:\/\/reno-projet-plus.com\/fr\/wp-json\/wp\/v2\/pages\/1360\/revisions"}],"predecessor-version":[{"id":1527,"href":"https:\/\/reno-projet-plus.com\/fr\/wp-json\/wp\/v2\/pages\/1360\/revisions\/1527"}],"wp:attachment":[{"href":"https:\/\/reno-projet-plus.com\/fr\/wp-json\/wp\/v2\/media?parent=1360"}],"curies":[{"name":"wp","href":"https:\/\/api.w.org\/{rel}","templated":true}]}}