{"id":1366,"date":"2023-11-27T09:33:21","date_gmt":"2023-11-27T14:33:21","guid":{"rendered":"https:\/\/reno-projet-plus.com\/?page_id=1366"},"modified":"2024-01-05T20:39:26","modified_gmt":"2024-01-06T01:39:26","slug":"obtenir-un-devis","status":"publish","type":"page","link":"https:\/\/reno-projet-plus.com\/fr\/obtenir-un-devis\/","title":{"rendered":"Obtenir un devis"},"content":{"rendered":"<div class=\"wpb-content-wrapper\"><p>[vc_row][vc_column][vc_empty_space][\/vc_column][\/vc_row][vc_section][vc_row][vc_column width=&#8221;1\/2&#8243;][vc_single_image image=&#8221;1458&#8243; img_size=&#8221;full&#8221;][\/vc_column][vc_column width=&#8221;1\/2&#8243;]<h5 class='heading-content  divider-lg' ><span>R\u00e9novation Projet Plus est une entreprise de r\u00e9novation et de construction bas\u00e9e \u00e0 Montr\u00e9al qui poss\u00e8de des connaissances approfondies dans les domaines de la r\u00e9novation r\u00e9sidentielle, de la construction de maisons neuves et de condominiums.<\/span><\/h5>[vc_column_text]<\/p>\n<p style=\"font-weight: 400;\">Nous pouvons vous aider \u00e0 chaque \u00e9tape de votre projet de r\u00e9novation. Nous nous occupons de tous les types de r\u00e9novations r\u00e9sidentielles, qu&#8217;il s&#8217;agisse de peindre une seule pi\u00e8ce, d&#8217;installer un nouveau rev\u00eatement de sol ou de restaurer l&#8217;ancien, de r\u00e9nover une cuisine, une salle de bain ou une maison enti\u00e8re, un bureau ou une entreprise. Nous mettons l&#8217;accent sur les d\u00e9tails et la qualit\u00e9 du travail.<\/p>\n<p style=\"font-weight: 400;\">Le pr\u00e9sident de R\u00e9novation Projet Plus, Domenic Vaccaro, poss\u00e8de une vaste exp\u00e9rience non seulement dans la construction r\u00e9sidentielle, mais aussi dans la construction commerciale.<\/p>\n<p style=\"font-weight: 400;\">R\u00e9novation Projet Plus a r\u00e9alis\u00e9 un nouveau projet de 120 unit\u00e9s de condo avec Habitation M\u00e9trocit\u00e9 et a travaill\u00e9 \u00e0 la reconstruction de Laura Secord Inc. et de Teavana Canada.<\/p>\n<p style=\"font-weight: 400;\">Nous mettons l&#8217;accent sur les d\u00e9tails et la qualit\u00e9 de l&#8217;ex\u00e9cution. Nous travaillons fort pour m\u00e9riter votre confiance.<\/p>\n<p>[\/vc_column_text][\/vc_column][\/vc_row][\/vc_section][vc_row][vc_column][vc_empty_space][\/vc_column][\/vc_row][vc_row][vc_column]\n<div class=\"wpcf7 no-js\" id=\"wpcf7-f1508-o1\" lang=\"en-US\" dir=\"ltr\">\n<div class=\"screen-reader-response\"><p role=\"status\" aria-live=\"polite\" aria-atomic=\"true\"><\/p> <ul><\/ul><\/div>\n<form action=\"\/fr\/wp-json\/wp\/v2\/pages\/1366#wpcf7-f1508-o1\" method=\"post\" class=\"wpcf7-form init\" aria-label=\"Contact form\" novalidate=\"novalidate\" data-status=\"init\">\n<div style=\"display: none;\">\n<input type=\"hidden\" name=\"_wpcf7\" value=\"1508\" \/>\n<input type=\"hidden\" name=\"_wpcf7_version\" value=\"5.9.8\" \/>\n<input type=\"hidden\" name=\"_wpcf7_locale\" value=\"en_US\" \/>\n<input type=\"hidden\" name=\"_wpcf7_unit_tag\" value=\"wpcf7-f1508-o1\" \/>\n<input type=\"hidden\" name=\"_wpcf7_container_post\" value=\"0\" \/>\n<input type=\"hidden\" name=\"_wpcf7_posted_data_hash\" value=\"\" \/>\n<input type=\"hidden\" name=\"_wpcf7_recaptcha_response\" value=\"\" \/>\n<\/div>\n<div class=\"col-sm-5 noleftpadding\">\n\t<p><span class=\"wpcf7-form-control-wrap\" data-name=\"your-name\"><input size=\"40\" maxlength=\"400\" class=\"wpcf7-form-control wpcf7-text wpcf7-validates-as-required\" aria-required=\"true\" aria-invalid=\"false\" placeholder=\"Nom*\" value=\"\" type=\"text\" name=\"your-name\" \/><\/span>\n\t<\/p>\n\t<p><span class=\"wpcf7-form-control-wrap\" data-name=\"your-email\"><input size=\"40\" maxlength=\"400\" class=\"wpcf7-form-control wpcf7-email wpcf7-validates-as-required wpcf7-text wpcf7-validates-as-email\" aria-required=\"true\" aria-invalid=\"false\" placeholder=\"Courriel*\" value=\"\" type=\"email\" name=\"your-email\" \/><\/span>\n\t<\/p>\n\t<p><span class=\"wpcf7-form-control-wrap\" data-name=\"budget\"><input size=\"40\" maxlength=\"400\" class=\"wpcf7-form-control wpcf7-text\" aria-invalid=\"false\" placeholder=\"Budget approximatif du projet*\" value=\"\" type=\"text\" name=\"budget\" \/><\/span>\n\t<\/p>\n\t<p><span class=\"wpcf7-form-control-wrap\" data-name=\"timeframe\"><input size=\"40\" maxlength=\"400\" class=\"wpcf7-form-control wpcf7-text\" aria-invalid=\"false\" placeholder=\"Date de d\u00e9but des travaux*\" value=\"\" type=\"text\" name=\"timeframe\" \/><\/span>\n\t<\/p>\n<\/div>\n<div class=\"col-sm-7 norightpadding\">\n\t<p><span class=\"wpcf7-form-control-wrap\" data-name=\"details\"><textarea cols=\"25\" rows=\"3\" maxlength=\"2000\" class=\"wpcf7-form-control wpcf7-textarea\" aria-invalid=\"false\" placeholder=\"D\u00e9tails du projet*\" name=\"details\"><\/textarea><\/span>\n\t<\/p>\n\t<p><input class=\"wpcf7-form-control wpcf7-submit has-spinner\" type=\"submit\" value=\"Envoyer la demande\" \/>\n\t<\/p>\n<\/div><div class=\"wpcf7-response-output\" aria-hidden=\"true\"><\/div>\n<\/form>\n<\/div>\n[\/vc_column][\/vc_row]<\/p>\n<\/div>","protected":false},"excerpt":{"rendered":"<p>[vc_row][vc_column][vc_empty_space][\/vc_column][\/vc_row][vc_section][vc_row][vc_column width=&#8221;1\/2&#8243;][vc_single_image image=&#8221;1458&#8243; img_size=&#8221;full&#8221;][\/vc_column][vc_column width=&#8221;1\/2&#8243;][vc_column_text] Nous pouvons vous aider \u00e0 chaque \u00e9tape de votre projet de r\u00e9novation. Nous nous occupons de tous les types de r\u00e9novations r\u00e9sidentielles, qu&#8217;il s&#8217;agisse de peindre une seule pi\u00e8ce, d&#8217;installer un nouveau rev\u00eatement de sol&#8230;<\/p>\n","protected":false},"author":1,"featured_media":0,"parent":0,"menu_order":0,"comment_status":"closed","ping_status":"closed","template":"","meta":{"footnotes":""},"class_list":["post-1366","page","type-page","status-publish","hentry"],"_links":{"self":[{"href":"https:\/\/reno-projet-plus.com\/fr\/wp-json\/wp\/v2\/pages\/1366","targetHints":{"allow":["GET"]}}],"collection":[{"href":"https:\/\/reno-projet-plus.com\/fr\/wp-json\/wp\/v2\/pages"}],"about":[{"href":"https:\/\/reno-projet-plus.com\/fr\/wp-json\/wp\/v2\/types\/page"}],"author":[{"embeddable":true,"href":"https:\/\/reno-projet-plus.com\/fr\/wp-json\/wp\/v2\/users\/1"}],"replies":[{"embeddable":true,"href":"https:\/\/reno-projet-plus.com\/fr\/wp-json\/wp\/v2\/comments?post=1366"}],"version-history":[{"count":5,"href":"https:\/\/reno-projet-plus.com\/fr\/wp-json\/wp\/v2\/pages\/1366\/revisions"}],"predecessor-version":[{"id":1509,"href":"https:\/\/reno-projet-plus.com\/fr\/wp-json\/wp\/v2\/pages\/1366\/revisions\/1509"}],"wp:attachment":[{"href":"https:\/\/reno-projet-plus.com\/fr\/wp-json\/wp\/v2\/media?parent=1366"}],"curies":[{"name":"wp","href":"https:\/\/api.w.org\/{rel}","templated":true}]}}