{"id":1368,"date":"2014-11-11T11:09:47","date_gmt":"2014-11-11T16:09:47","guid":{"rendered":"https:\/\/reno-projet-plus.com\/?page_id=1368"},"modified":"2024-09-25T23:28:34","modified_gmt":"2024-09-26T04:28:34","slug":"home-fr","status":"publish","type":"page","link":"https:\/\/reno-projet-plus.com\/fr\/","title":{"rendered":"Accueil"},"content":{"rendered":"<div class=\"wpb-content-wrapper\"><p>[vc_row css=&#8221;.vc_custom_1496645953969{margin-top: 0px !important;}&#8221; has_content=&#8221;true&#8221;][vc_column][rev_slider_vc alias=&#8221;main-slider-FR&#8221;][\/vc_column][\/vc_row][vc_row full_width=&#8221;stretch_row&#8221; equal_height=&#8221;yes&#8221; css=&#8221;.vc_custom_1700949201963{padding-top: 80px !important;padding-bottom: 0px !important;}&#8221; has_content=&#8221;true&#8221;][vc_column width=&#8221;1\/5&#8243;]<div class=\"icon-m icon-m--style-3\"><div class=\"icon-m__header\"><div class=\"icon-m__media icon-m__media--image\" style=\"color:#564801;background-color:#fad505;\"><img loading=\"lazy\" decoding=\"async\" width=\"512\" height=\"512\" src=\"https:\/\/reno-projet-plus.com\/app\/uploads\/2023\/11\/perceuse-a-main.png\" class=\"attachment-full size-full\" alt=\"\" srcset=\"https:\/\/reno-projet-plus.com\/app\/uploads\/2023\/11\/perceuse-a-main.png 512w, https:\/\/reno-projet-plus.com\/app\/uploads\/2023\/11\/perceuse-a-main-300x300.png 300w, https:\/\/reno-projet-plus.com\/app\/uploads\/2023\/11\/perceuse-a-main-150x150.png 150w, https:\/\/reno-projet-plus.com\/app\/uploads\/2023\/11\/perceuse-a-main-360x360.png 360w\" sizes=\"auto, (max-width: 512px) 100vw, 512px\" \/><\/div><div class=\"icon-m__title\">R\u00c9NOVATION COMPL\u00c8TE<\/div><\/div><div class=\"icon-m__text\">Du d\u00e9but \u00e0 la fin, nous vous conseillons et vous accompagnons dans la prise de d\u00e9cisions judicieuses et inform\u00e9es.<\/div><\/div>[vc_empty_space height=&#8221;15px&#8221;][\/vc_column][vc_column width=&#8221;1\/5&#8243; css=&#8221;.vc_custom_1497609620788{border-bottom-width: 0px !important;padding-bottom: 0px !important;background-position: 0 0 !important;background-repeat: no-repeat !important;}&#8221;]<div class=\"icon-m icon-m--style-3\"><div class=\"icon-m__header\"><div class=\"icon-m__media icon-m__media--image\" style=\"color:#564801;background-color:#fad505;\"><img loading=\"lazy\" decoding=\"async\" width=\"512\" height=\"512\" src=\"https:\/\/reno-projet-plus.com\/app\/uploads\/2023\/11\/brosse-a-rouleau.png\" class=\"attachment-full size-full\" alt=\"\" srcset=\"https:\/\/reno-projet-plus.com\/app\/uploads\/2023\/11\/brosse-a-rouleau.png 512w, https:\/\/reno-projet-plus.com\/app\/uploads\/2023\/11\/brosse-a-rouleau-300x300.png 300w, https:\/\/reno-projet-plus.com\/app\/uploads\/2023\/11\/brosse-a-rouleau-150x150.png 150w, https:\/\/reno-projet-plus.com\/app\/uploads\/2023\/11\/brosse-a-rouleau-360x360.png 360w\" sizes=\"auto, (max-width: 512px) 100vw, 512px\" \/><\/div><div class=\"icon-m__title\">CUISINES<\/div><\/div><div class=\"icon-m__text\">Nous offrons des conseils pr\u00e9cieux sur les luminaires, les caract\u00e9ristiques et les finitions de la cuisine de vos r\u00eaves.<\/div><\/div>[vc_empty_space height=&#8221;15px&#8221;][\/vc_column][vc_column width=&#8221;1\/5&#8243; css=&#8221;.vc_custom_1496755256055{padding-bottom: 70px !important;}&#8221;]<div class=\"icon-m icon-m--style-3\"><div class=\"icon-m__header\"><div class=\"icon-m__media icon-m__media--image\" style=\"color:#564801;background-color:#fad505;\"><img loading=\"lazy\" decoding=\"async\" width=\"512\" height=\"512\" src=\"https:\/\/reno-projet-plus.com\/app\/uploads\/2023\/11\/chauffe-eau.png\" class=\"attachment-full size-full\" alt=\"\" srcset=\"https:\/\/reno-projet-plus.com\/app\/uploads\/2023\/11\/chauffe-eau.png 512w, https:\/\/reno-projet-plus.com\/app\/uploads\/2023\/11\/chauffe-eau-300x300.png 300w, https:\/\/reno-projet-plus.com\/app\/uploads\/2023\/11\/chauffe-eau-150x150.png 150w, https:\/\/reno-projet-plus.com\/app\/uploads\/2023\/11\/chauffe-eau-360x360.png 360w\" sizes=\"auto, (max-width: 512px) 100vw, 512px\" \/><\/div><div class=\"icon-m__title\">SALLES DE BAIN<\/div><\/div><div class=\"icon-m__text\">L'un des projets d'am\u00e9lioration de la maison les plus populaires est la r\u00e9novation de la salle de bains.<\/div><\/div>[vc_empty_space height=&#8221;15px&#8221;][\/vc_column][vc_column width=&#8221;1\/5&#8243; css=&#8221;.vc_custom_1496755260288{padding-bottom: 70px !important;}&#8221;]<div class=\"icon-m icon-m--style-3\"><div class=\"icon-m__header\"><div class=\"icon-m__media icon-m__media--image\" style=\"color:#564801;background-color:#fad505;\"><img loading=\"lazy\" decoding=\"async\" width=\"512\" height=\"512\" src=\"https:\/\/reno-projet-plus.com\/app\/uploads\/2023\/11\/hammer-facinf-gauche.png\" class=\"attachment-full size-full\" alt=\"\" srcset=\"https:\/\/reno-projet-plus.com\/app\/uploads\/2023\/11\/hammer-facinf-gauche.png 512w, https:\/\/reno-projet-plus.com\/app\/uploads\/2023\/11\/hammer-facinf-gauche-300x300.png 300w, https:\/\/reno-projet-plus.com\/app\/uploads\/2023\/11\/hammer-facinf-gauche-150x150.png 150w, https:\/\/reno-projet-plus.com\/app\/uploads\/2023\/11\/hammer-facinf-gauche-360x360.png 360w\" sizes=\"auto, (max-width: 512px) 100vw, 512px\" \/><\/div><div class=\"icon-m__title\">SOUS-SOL<\/div><\/div><div class=\"icon-m__text\">La r\u00e9novation d'un sous-sol est un moyen facile et rentable d'ajouter de l'espace \u00e0 votre domicile.<\/div><\/div>[vc_empty_space height=&#8221;15px&#8221;][\/vc_column][vc_column width=&#8221;1\/5&#8243;]<div class=\"icon-m icon-m--style-3\"><div class=\"icon-m__header\"><div class=\"icon-m__media\" style=\"color:#564801;background-color:#fad505;\"><i class=\"fab fa-accessible-icon\"><\/i><\/div><div class=\"icon-m__title\">PROGRAMME D\u2019ADAPTATION DE DOMICILE<\/div><\/div><div class=\"icon-m__text\">Vous aider \u00e0 r\u00e9aliser des travaux d\u2019adaptation pour vous aider \u00e0 acc\u00e9der \u00e0 votre logement. D\u00e9couvrez comment nous pouvons vous aider. <\/div><\/div>[vc_empty_space height=&#8221;15px&#8221;][\/vc_column][\/vc_row][vc_row full_width=&#8221;stretch_row&#8221; disable_element=&#8221;yes&#8221; has_content=&#8221;false&#8221; css=&#8221;.vc_custom_1700490894144{padding-top: 40px !important;padding-bottom: 60px !important;}&#8221;][vc_column]<h2 class='heading-middle  divider-sm' ><span>OUR NEWS<\/span><\/h2>[vc_empty_space height=&#8221;20px&#8221;][\/vc_column][\/vc_row][vc_row full_width=&#8221;stretch_row&#8221; disable_element=&#8221;yes&#8221; css=&#8221;.vc_custom_1700490904059{padding-top: 50px !important;padding-bottom: 30px !important;background-color: #f5f5f5 !important;}&#8221; has_content=&#8221;true&#8221;][vc_column]<h2 class='heading-middle  divider-sm' ><span>OUR CLIENTS<\/span><\/h2>[vc_empty_space height=&#8221;20px&#8221;]<div class='logos logos--style-3'><div class=\"owl-carousel\" data-margin=\"6\" data-col=\"5\" data-nav=\"true\" data-num-logos=\"7\"><div class='logos__item' style=\"background-color:#ffffff;\"><div class='logos__wrap'><img class='logos__image' src='https:\/\/reno-projet-plus.com\/app\/uploads\/2014\/11\/logo1.png' alt=''><\/div><\/div><div class='logos__item' style=\"background-color:#ffffff;\"><div class='logos__wrap'><img class='logos__image' src='https:\/\/reno-projet-plus.com\/app\/uploads\/2014\/11\/logo2.png' alt=''><\/div><\/div><div class='logos__item' style=\"background-color:#ffffff;\"><div class='logos__wrap'><img class='logos__image' src='https:\/\/reno-projet-plus.com\/app\/uploads\/2014\/11\/logo3.png' alt=''><\/div><\/div><div class='logos__item' style=\"background-color:#ffffff;\"><div class='logos__wrap'><img class='logos__image' src='https:\/\/reno-projet-plus.com\/app\/uploads\/2014\/11\/logo4.png' alt=''><\/div><\/div><div class='logos__item' style=\"background-color:#ffffff;\"><div class='logos__wrap'><img class='logos__image' src='https:\/\/reno-projet-plus.com\/app\/uploads\/2014\/11\/logo5.png' alt=''><\/div><\/div><div class='logos__item' style=\"background-color:#ffffff;\"><div class='logos__wrap'><img class='logos__image' src='https:\/\/reno-projet-plus.com\/app\/uploads\/2014\/11\/logo4.png' alt=''><\/div><\/div><div class='logos__item' style=\"background-color:#ffffff;\"><div class='logos__wrap'><img class='logos__image' src='https:\/\/reno-projet-plus.com\/app\/uploads\/2014\/11\/logo2.png' alt=''><\/div><\/div><\/div><\/div>[\/vc_column][\/vc_row][vc_row][vc_column][vc_masonry_media_grid style=&#8221;load-more&#8221; items_per_page=&#8221;4&#8243; element_width=&#8221;3&#8243; btn_title=&#8221;Voir plus&#8221; btn_color=&#8221;black&#8221; initial_loading_animation=&#8221;fadeIn&#8221; grid_id=&#8221;vc_gid:1727324659753-21bab2d4-1240-0&#8243; include=&#8221;1464,1418,1416,1470,1448,1444,1334,1438,1475,1428,1458,1450,1351,1466,1348,1349,1352,1350,1347,1346,1345,1344,1343,1481,1477,1410,1342,1341,1446,1340,1339,1333,1331,1473,1468,1442,1440,1462,1460,1454,1452,1420,1436,1434,1432,1412,1414,1479,1424,1456,1547,1545,1543&#8243;][\/vc_column][\/vc_row][vc_row full_width=&#8221;stretch_row&#8221; content_placement=&#8221;middle&#8221; css=&#8221;.vc_custom_1701449560546{margin-top: 0px !important;padding-top: 50px !important;padding-bottom: 50px !important;background-image: url(https:\/\/reno-projet-plus.com\/app\/uploads\/2023\/12\/cta.jpg?id=1178) !important;}&#8221; has_content=&#8221;true&#8221; el_id=&#8221;cta-overlay-row&#8221;][vc_column width=&#8221;2\/3&#8243; el_class=&#8221;text-container&#8221;][vc_column_text]<\/p>\n<h3><span style=\"color: #ffffff;\">NOUS METTONS L&#8217;ACCENT SUR LES D\u00c9TAILS ET LA QUALIT\u00c9 DU TRAVAIL<\/span><\/h3>\n<p>[\/vc_column_text][\/vc_column][vc_column width=&#8221;1\/3&#8243; el_class=&#8221;button-container&#8221;][vc_btn title=&#8221;Obtenir un devis&#8221; color=&#8221;black&#8221; size=&#8221;lg&#8221; align=&#8221;right&#8221; link=&#8221;url:%2Ffr%2Fobtenir-un-devis%2F&#8221;][\/vc_column][\/vc_row]<\/p>\n<\/div>","protected":false},"excerpt":{"rendered":"<p>[vc_row css=&#8221;.vc_custom_1496645953969{margin-top: 0px !important;}&#8221; has_content=&#8221;true&#8221;][vc_column][rev_slider_vc alias=&#8221;main-slider-FR&#8221;][\/vc_column][\/vc_row][vc_row full_width=&#8221;stretch_row&#8221; equal_height=&#8221;yes&#8221; css=&#8221;.vc_custom_1700949201963{padding-top: 80px !important;padding-bottom: 0px !important;}&#8221; has_content=&#8221;true&#8221;][vc_column width=&#8221;1\/5&#8243;][vc_empty_space height=&#8221;15px&#8221;][\/vc_column][vc_column width=&#8221;1\/5&#8243; css=&#8221;.vc_custom_1497609620788{border-bottom-width: 0px !important;padding-bottom: 0px !important;background-position: 0 0 !important;background-repeat: no-repeat !important;}&#8221;][vc_empty_space height=&#8221;15px&#8221;][\/vc_column][vc_column width=&#8221;1\/5&#8243; css=&#8221;.vc_custom_1496755256055{padding-bottom: 70px !important;}&#8221;][vc_empty_space height=&#8221;15px&#8221;][\/vc_column][vc_column width=&#8221;1\/5&#8243; css=&#8221;.vc_custom_1496755260288{padding-bottom: 70px !important;}&#8221;][vc_empty_space height=&#8221;15px&#8221;][\/vc_column][vc_column width=&#8221;1\/5&#8243;][vc_empty_space height=&#8221;15px&#8221;][\/vc_column][\/vc_row][vc_row&#8230;<\/p>\n","protected":false},"author":1,"featured_media":0,"parent":0,"menu_order":0,"comment_status":"open","ping_status":"open","template":"","meta":{"footnotes":""},"class_list":["post-1368","page","type-page","status-publish","hentry"],"_links":{"self":[{"href":"https:\/\/reno-projet-plus.com\/fr\/wp-json\/wp\/v2\/pages\/1368","targetHints":{"allow":["GET"]}}],"collection":[{"href":"https:\/\/reno-projet-plus.com\/fr\/wp-json\/wp\/v2\/pages"}],"about":[{"href":"https:\/\/reno-projet-plus.com\/fr\/wp-json\/wp\/v2\/types\/page"}],"author":[{"embeddable":true,"href":"https:\/\/reno-projet-plus.com\/fr\/wp-json\/wp\/v2\/users\/1"}],"replies":[{"embeddable":true,"href":"https:\/\/reno-projet-plus.com\/fr\/wp-json\/wp\/v2\/comments?post=1368"}],"version-history":[{"count":19,"href":"https:\/\/reno-projet-plus.com\/fr\/wp-json\/wp\/v2\/pages\/1368\/revisions"}],"predecessor-version":[{"id":1552,"href":"https:\/\/reno-projet-plus.com\/fr\/wp-json\/wp\/v2\/pages\/1368\/revisions\/1552"}],"wp:attachment":[{"href":"https:\/\/reno-projet-plus.com\/fr\/wp-json\/wp\/v2\/media?parent=1368"}],"curies":[{"name":"wp","href":"https:\/\/api.w.org\/{rel}","templated":true}]}}